{"id":83,"date":"2024-10-16T11:21:26","date_gmt":"2024-10-16T09:21:26","guid":{"rendered":"https:\/\/gobernanzauniversitaria.umh.es\/?page_id=83"},"modified":"2025-07-30T17:40:44","modified_gmt":"2025-07-30T15:40:44","slug":"i-edicion-study-abroad-internacionalizacion-parques-ia","status":"publish","type":"page","link":"https:\/\/gobernanzauniversitaria.umh.es\/ca\/cursos-study-abroad\/i-edicion-study-abroad-internacionalizacion-parques-ia\/","title":{"rendered":"<span lang=\"es\">(Espa\u00f1ol) I Edici\u00f3n Study abroad \u201cInternacionalizaci\u00f3n , Gesti\u00f3n de Parques Cient\u00edficos e Inteligencia Artificial\u201d<\/span>"},"content":{"rendered":"<p class=\"qtranxs-available-languages-message qtranxs-available-languages-message-ca\">Ho sentim, aquesta entrada es troba disponible \u00fanicament en <a href=\"https:\/\/gobernanzauniversitaria.umh.es\/es\/wp-json\/wp\/v2\/pages\/83\" class=\"qtranxs-available-language-link qtranxs-available-language-link-es\" title=\"Espa\u00f1ol\">Espanyol Europeu<\/a>.<\/p>","protected":false},"excerpt":{"rendered":"<p>Ho sentim, aquesta entrada es troba disponible \u00fanicament en Espanyol Europeu.<\/p>\n","protected":false},"author":188,"featured_media":0,"parent":569,"menu_order":3,"comment_status":"closed","ping_status":"closed","template":"","meta":{"_links_to":"","_links_to_target":""},"_links":{"self":[{"href":"https:\/\/gobernanzauniversitaria.umh.es\/ca\/wp-json\/wp\/v2\/pages\/83"}],"collection":[{"href":"https:\/\/gobernanzauniversitaria.umh.es\/ca\/wp-json\/wp\/v2\/pages"}],"about":[{"href":"https:\/\/gobernanzauniversitaria.umh.es\/ca\/wp-json\/wp\/v2\/types\/page"}],"author":[{"embeddable":true,"href":"https:\/\/gobernanzauniversitaria.umh.es\/ca\/wp-json\/wp\/v2\/users\/188"}],"replies":[{"embeddable":true,"href":"https:\/\/gobernanzauniversitaria.umh.es\/ca\/wp-json\/wp\/v2\/comments?post=83"}],"version-history":[{"count":0,"href":"https:\/\/gobernanzauniversitaria.umh.es\/ca\/wp-json\/wp\/v2\/pages\/83\/revisions"}],"up":[{"embeddable":true,"href":"https:\/\/gobernanzauniversitaria.umh.es\/ca\/wp-json\/wp\/v2\/pages\/569"}],"wp:attachment":[{"href":"https:\/\/gobernanzauniversitaria.umh.es\/ca\/wp-json\/wp\/v2\/media?parent=83"}],"curies":[{"name":"wp","href":"https:\/\/api.w.org\/{rel}","templated":true}]}}