{"id":12,"date":"2024-10-14T11:53:29","date_gmt":"2024-10-14T09:53:29","guid":{"rendered":"https:\/\/gobernanzauniversitaria.zeus.umh.es\/presentacion\/"},"modified":"2026-02-12T09:50:05","modified_gmt":"2026-02-12T08:50:05","slug":"ultimas_actividades","status":"publish","type":"page","link":"https:\/\/gobernanzauniversitaria.umh.es\/ca\/ultimas_actividades\/","title":{"rendered":"Presentaci\u00f3n"},"content":{"rendered":"<p>P\u00e1gina de presentaci\u00f3n de la unidad organizativa<\/p>","protected":false},"excerpt":{"rendered":"<p>P\u00e1gina de presentaci\u00f3n de la unidad organizativa<\/p>\n","protected":false},"author":1,"featured_media":0,"parent":0,"menu_order":0,"comment_status":"closed","ping_status":"closed","template":"","meta":{"_links_to":"","_links_to_target":""},"_links":{"self":[{"href":"https:\/\/gobernanzauniversitaria.umh.es\/ca\/wp-json\/wp\/v2\/pages\/12"}],"collection":[{"href":"https:\/\/gobernanzauniversitaria.umh.es\/ca\/wp-json\/wp\/v2\/pages"}],"about":[{"href":"https:\/\/gobernanzauniversitaria.umh.es\/ca\/wp-json\/wp\/v2\/types\/page"}],"author":[{"embeddable":true,"href":"https:\/\/gobernanzauniversitaria.umh.es\/ca\/wp-json\/wp\/v2\/users\/1"}],"replies":[{"embeddable":true,"href":"https:\/\/gobernanzauniversitaria.umh.es\/ca\/wp-json\/wp\/v2\/comments?post=12"}],"version-history":[{"count":0,"href":"https:\/\/gobernanzauniversitaria.umh.es\/ca\/wp-json\/wp\/v2\/pages\/12\/revisions"}],"wp:attachment":[{"href":"https:\/\/gobernanzauniversitaria.umh.es\/ca\/wp-json\/wp\/v2\/media?parent=12"}],"curies":[{"name":"wp","href":"https:\/\/api.w.org\/{rel}","templated":true}]}}